{"id":22,"date":"2020-05-24T19:33:30","date_gmt":"2020-05-24T17:33:30","guid":{"rendered":"http:\/\/clubbinglive.fr\/musiquezine\/?page_id=22"},"modified":"2020-05-25T18:44:00","modified_gmt":"2020-05-25T16:44:00","slug":"accueil","status":"publish","type":"page","link":"http:\/\/clubbinglive.fr\/musiquezine\/","title":{"rendered":"Accueil"},"content":{"rendered":"\n<h2><em><strong>\u00ab&nbsp;La vie sans musique est tout simplement une erreur, une fatigue, un exil.&nbsp;\u00bb \u2013 Friedrich Nietzsche<\/strong><\/em><\/h2>\n\n\n\n<p><br><br>En ces temps incertains de pand\u00e9mie, cette citation prend tout son sens.<\/p>\n\n\n\n<p>Votre webzine en profite donc pour faire peau neuve, ou plus radicalement, prendre un nouveau d\u00e9part.<\/p>\n\n\n\n<p><em>Musique Zine, c\u2019est quoi ?<\/em><\/p>\n\n\n\n<p>Nous souhaitons ici promouvoir les artistes musicaux ind\u00e9pendants, ceux de qui on parle peu.<\/p>\n\n\n\n<p><em>Musique Zine, c\u2019est pour qui ?<\/em><\/p>\n\n\n\n<p>Le site est bien \u00e9videmment accessible \u00e0 tous, que vous soyez fan de musiques en tout genre, ou bien un artiste ou un groupe d\u2019artistes qui souhaitent faire connaitre leurs \u0153uvres.<\/p>\n\n\n\n<h3><br><br><strong>Vous \u00eates un artiste, un groupe,\u00a0ou un organisateur d\u2019\u00e9v\u00e9nements musicaux, et vous souhaitez promouvoir votre actualit\u00e9 musicale? Vous pouvez nous contacter \u00e0 l&rsquo;aide de notre formulaire en cliquant sur ce <a href=\"http:\/\/clubbinglive.fr\/musiquezine\/index.php\/artistes\/\">lien<\/a>.<\/strong><br><br><br><\/h3>\n\n\n\n<figure class=\"wp-block-image size-large\"><img loading=\"lazy\" width=\"1024\" height=\"683\" src=\"http:\/\/clubbinglive.fr\/musiquezine\/wp-content\/uploads\/2020\/05\/musician-349790_1920-1024x683.jpg\" alt=\"\" class=\"wp-image-8\" srcset=\"http:\/\/clubbinglive.fr\/musiquezine\/wp-content\/uploads\/2020\/05\/musician-349790_1920-1024x683.jpg 1024w, http:\/\/clubbinglive.fr\/musiquezine\/wp-content\/uploads\/2020\/05\/musician-349790_1920-300x200.jpg 300w, http:\/\/clubbinglive.fr\/musiquezine\/wp-content\/uploads\/2020\/05\/musician-349790_1920-768x512.jpg 768w, http:\/\/clubbinglive.fr\/musiquezine\/wp-content\/uploads\/2020\/05\/musician-349790_1920-1536x1024.jpg 1536w, http:\/\/clubbinglive.fr\/musiquezine\/wp-content\/uploads\/2020\/05\/musician-349790_1920.jpg 1920w\" sizes=\"(max-width: 1024px) 100vw, 1024px\" \/><figcaption>Image par <a href=\"https:\/\/pixabay.com\/fr\/users\/RyanMcGuire-123690\/?utm_source=link-attribution&amp;utm_medium=referral&amp;utm_campaign=image&amp;utm_content=349790\">Ryan McGuire<\/a> de <a href=\"https:\/\/pixabay.com\/fr\/?utm_source=link-attribution&amp;utm_medium=referral&amp;utm_campaign=image&amp;utm_content=349790\">Pixabay<\/a><\/figcaption><\/figure>\n","protected":false},"excerpt":{"rendered":"<p>\u00ab&nbsp;La vie sans musique est tout simplement une erreur, une fatigue, un exil.&nbsp;\u00bb \u2013 Friedrich Nietzsche En ces temps incertains de pand\u00e9mie, cette citation prend tout son sens. Votre webzine en profite donc pour faire peau neuve, ou plus radicalement, prendre un nouveau d\u00e9part. Musique Zine, c\u2019est quoi ? Nous souhaitons ici promouvoir les artistes [&hellip;]<\/p>\n","protected":false},"author":1,"featured_media":0,"parent":0,"menu_order":0,"comment_status":"closed","ping_status":"closed","template":"","meta":[],"_links":{"self":[{"href":"http:\/\/clubbinglive.fr\/musiquezine\/index.php\/wp-json\/wp\/v2\/pages\/22"}],"collection":[{"href":"http:\/\/clubbinglive.fr\/musiquezine\/index.php\/wp-json\/wp\/v2\/pages"}],"about":[{"href":"http:\/\/clubbinglive.fr\/musiquezine\/index.php\/wp-json\/wp\/v2\/types\/page"}],"author":[{"embeddable":true,"href":"http:\/\/clubbinglive.fr\/musiquezine\/index.php\/wp-json\/wp\/v2\/users\/1"}],"replies":[{"embeddable":true,"href":"http:\/\/clubbinglive.fr\/musiquezine\/index.php\/wp-json\/wp\/v2\/comments?post=22"}],"version-history":[{"count":4,"href":"http:\/\/clubbinglive.fr\/musiquezine\/index.php\/wp-json\/wp\/v2\/pages\/22\/revisions"}],"predecessor-version":[{"id":68,"href":"http:\/\/clubbinglive.fr\/musiquezine\/index.php\/wp-json\/wp\/v2\/pages\/22\/revisions\/68"}],"wp:attachment":[{"href":"http:\/\/clubbinglive.fr\/musiquezine\/index.php\/wp-json\/wp\/v2\/media?parent=22"}],"curies":[{"name":"wp","href":"https:\/\/api.w.org\/{rel}","templated":true}]}}